{"id":2929,"date":"2018-07-25T14:00:40","date_gmt":"2018-07-25T06:00:40","guid":{"rendered":"http:\/\/si.secda.info\/yb_mdn\/?page_id=2929"},"modified":"2025-09-22T11:48:05","modified_gmt":"2025-09-22T03:48:05","slug":"%e5%9c%8b%e9%9a%9b%e5%a4%a5%e4%bc%b4","status":"publish","type":"page","link":"https:\/\/si.secda.info\/yb_mdn\/?page_id=2929","title":{"rendered":"\u570b\u969b\u5925\u4f34"},"content":{"rendered":"<h4><strong>\u4e9e\u6d32\u5340<\/strong><\/h4>\n<h5>[\u65e5\u672c]<\/h5>\n<p><img loading=\"lazy\" decoding=\"async\" class=\"alignnone wp-image-2930\" src=\"http:\/\/si.secda.info\/yb_mdn\/wp-content\/uploads\/2018\/07\/883280010_gvhOxWz5_Nippon_Gene_logo.gif\" alt=\"\" width=\"239\" height=\"112\" \/><\/p>\n<p>Nippon Gene Co., Ltd.<\/p>\n<p>\u5730\u5740: 1-8-7, Toiya-Machi, Toyama 930-0834 Japan<\/p>\n<p>\u7db2\u5740: www.nippongene.com<\/p>\n<p>\u4fe1\u7bb1: info@nippongene.com<\/p>\n<p>\u96fb\u8a71: +81-76-451-6548<\/p>\n<p>&nbsp;<\/p>\n<h5>[\u97d3\u570b]<\/h5>\n<p><img loading=\"lazy\" decoding=\"async\" class=\"alignnone wp-image-2940\" src=\"http:\/\/si.secda.info\/yb_mdn\/wp-content\/uploads\/2018\/07\/Screen-Shot-2014-09-18-at-11_03_37-AM-300x88-300x88.png\" alt=\"\" width=\"286\" height=\"84\" \/><\/p>\n<p>iNtRON Biotechnology<\/p>\n<p>\u5730\u5740: #1007 JungAng Induspia 5th B\/D Sangdaewon, Seongnam, Gyeonggi 462-120, South Korea<\/p>\n<p>\u7db2\u5740:http:\/\/new.intronbio.com\/<\/p>\n<p>\u4fe1\u7bb1:intronbio@intronbio.com<\/p>\n<p>\u96fb\u8a71: +82-31-739-5737<\/p>\n<p>&nbsp;<\/p>\n<h5>[\u65b0\u52a0\u5761]<\/h5>\n<p><img loading=\"lazy\" decoding=\"async\" class=\"alignnone wp-image-3491 size-medium\" src=\"http:\/\/si.secda.info\/yb_mdn\/wp-content\/uploads\/2025\/09\/PBS-Logo-1-300x248.png\" alt=\"\" width=\"300\" height=\"248\" \/><\/p>\n<p>Probioscience<\/p>\n<p>Address: 62 Ubi Road 1, #11-14 Oxley Bizhub 2, Singapore 408734<\/p>\n<p>Website: http:\/\/www.probioscience.org\/<\/p>\n<p>Email: info@probioscience.org<\/p>\n<p>Tel: +65-6980-8108<\/p>\n<p>Fax: +65-6725-8438<\/p>\n<p>&nbsp;<\/p>\n<h5>[\u99ac\u4f86\u897f\u4e9e]<\/h5>\n<p><img loading=\"lazy\" decoding=\"async\" class=\"alignnone wp-image-2933\" src=\"http:\/\/si.secda.info\/yb_mdn\/wp-content\/uploads\/2018\/07\/All-Eights-Logo-Transparent.png\" alt=\"\" width=\"179\" height=\"129\" \/><\/p>\n<p>All Eights (M) Sdn Bhd<\/p>\n<p>\u5730\u5740: 45, Jalan TS 6\/10A, Subang Industrial Park, 47610 Subang Jaya, Selangor Darul Ehsan, Malaysia<\/p>\n<p>\u7db2\u5740: www.alleights.com.my<\/p>\n<p>\u4fe1\u7bb1:all8@alleights.com.my<\/p>\n<p>\u96fb\u8a71: +603-5633-4988<\/p>\n<p>&nbsp;<\/p>\n<p><img loading=\"lazy\" decoding=\"async\" class=\"alignnone size-full wp-image-2935\" src=\"http:\/\/si.secda.info\/yb_mdn\/wp-content\/uploads\/2018\/07\/logo_biomaxsci.jpg\" alt=\"\" width=\"150\" height=\"67\" \/><\/p>\n<p>Biomax\u00a0Scientific Sdn Bhd<\/p>\n<p>\u5730\u5740: 12, Jalan Temenggong, Taman Desawira, 42500 Telok P. Garang, Selangor, Malaysia.<\/p>\n<p>\u7db2\u5740: http:\/\/www.biomaxsci.com<\/p>\n<p>\u4fe1\u7bb1: sales@biomaxsci.com<\/p>\n<p>\u96fb\u8a71: +603-3122-7461<\/p>\n<p>&nbsp;<\/p>\n<h5>[\u5370\u5ea6]<\/h5>\n<p><img loading=\"lazy\" decoding=\"async\" class=\"alignnone wp-image-2934\" src=\"http:\/\/si.secda.info\/yb_mdn\/wp-content\/uploads\/2018\/07\/logo.jpg\" alt=\"\" width=\"248\" height=\"60\" \/><\/p>\n<p>Taurus Incorporation<\/p>\n<p>\u5730\u5740: No. 1, First Floor, 4th Cross, Nagarbhavi, 2nd Stage, Papareddy Palya, Bangalore-560072, India.<\/p>\n<p>\u7db2\u5740: http:\/\/www.taurusinc.co.in<\/p>\n<p>\u4fe1\u7bb1: sales@taurusinc.co.in<\/p>\n<p>\u96fb\u8a71: +91-80-2321-0373<\/p>\n<p>&nbsp;<\/p>\n<h5>[\u53f0\u7063]<\/h5>\n<p><img loading=\"lazy\" decoding=\"async\" class=\"alignnone wp-image-2938\" src=\"http:\/\/si.secda.info\/yb_mdn\/wp-content\/uploads\/2018\/07\/logo-300x68-300x68.png\" alt=\"\" width=\"313\" height=\"71\" \/><\/p>\n<p>Uni-onward Corp.<\/p>\n<p>\u5730\u5740: 3F.-2, No.93, Sec. 1, Wenhua 1st Rd., Linkou Dist., New Taipei City 244, Taiwan (R.O.C.)<\/p>\n<p>\u7db2\u5740:http:\/\/www.uni-onward.com.tw\/<\/p>\n<p>\u4fe1\u7bb1:cs@uni-onward.com.tw<\/p>\n<p>\u96fb\u8a71: +886-2-2600-0611<\/p>\n<p>&nbsp;<\/p>\n<h5>[\u4e2d\u570b]<\/h5>\n<p><img loading=\"lazy\" decoding=\"async\" class=\"alignnone wp-image-3490 size-medium\" src=\"http:\/\/si.secda.info\/yb_mdn\/wp-content\/uploads\/2025\/09\/Innochem-LOGO-300x86.png\" alt=\"\" width=\"300\" height=\"86\" \/><\/p>\n<p><strong>\u5317\u4eac\u4f0a\u8bfa\u51ef\u79d1\u6280\u6709\u9650\u516c\u53f8<\/strong><\/p>\n<p>\u5730\u5740\uff1a\u5317\u4eac\u5e02\u671d\u9633\u533a\u4e1c\u4e09\u73af\u5317\u8def\u75322\u53f7\u4eac\u4fe1\u5927\u53a68\u5c42<\/p>\n<p>\u90ae\u7f16\uff1a100027<\/p>\n<p>\u7535\u8bdd\uff1a010-64313955 \u00a0 400-810-7969<\/p>\n<p>\u4f20\u771f\uff1a010-64312895<\/p>\n<p>\u90ae\u7bb1\uff1asales@inno-chem.com.cn<\/p>\n<p>&nbsp;<\/p>\n<h4><strong>\u6b50\u6d32\u5340<\/strong><\/h4>\n<h5>[\u6cd5\u570b]<\/h5>\n<p><img loading=\"lazy\" decoding=\"async\" class=\"alignnone size-full wp-image-2939\" src=\"http:\/\/si.secda.info\/yb_mdn\/wp-content\/uploads\/2018\/07\/logo-proteigene.png\" alt=\"\" width=\"187\" height=\"76\" \/><\/p>\n<p>Proteigene<\/p>\n<p>\u5730\u5740: 7 Rue L\u00e9o Lagrange BP1134 saint marcel, 27950 France<\/p>\n<p>\u7db2\u5740: http:\/\/proteigene.com\/<\/p>\n<p>\u4fe1\u7bb1: info@proteigene.com<\/p>\n<p>\u96fb\u8a71: +33 (0)23264-4545<\/p>\n<p><img loading=\"lazy\" decoding=\"async\" class=\"alignnone size-full wp-image-2936\" src=\"http:\/\/si.secda.info\/yb_mdn\/wp-content\/uploads\/2018\/07\/Logo_of_INRA_French_National_Institute_for_Agricultural_Research_-_version_of_2013-1-230x94.jpg\" alt=\"\" width=\"230\" height=\"94\" \/><\/p>\n<p>INRA (French National Institute for Agricultural Research)<\/p>\n<p>\u5730\u5740: 147 rue de l&#8217;Universit\u00e9 75338 Paris Cedex 07 FRANCE<\/p>\n<p>\u7db2\u5740: www.inra.fr\/<\/p>\n<h5>[\u6bd4\u5229\u6642]<\/h5>\n<p><img loading=\"lazy\" decoding=\"async\" class=\"alignnone wp-image-2937\" src=\"http:\/\/si.secda.info\/yb_mdn\/wp-content\/uploads\/2018\/07\/logo7-230x161.jpg\" alt=\"\" width=\"211\" height=\"148\" \/><\/p>\n<p>Gentaur<\/p>\n<p>\u5730\u5740: BE0473327336, Voortstraat 49, 1910 Kampenhout Belgium.<\/p>\n<p>\u7db2\u5740:www.gentaur.com<\/p>\n<p>\u4fe1\u7bb1:info@gentaur.com<\/p>\n<p>\u96fb\u8a71: +32 (0)1658-9045<\/p>\n<h5>[\u897f\u73ed\u7259]<\/h5>\n<p><img loading=\"lazy\" decoding=\"async\" class=\"alignnone size-full wp-image-2941\" src=\"http:\/\/si.secda.info\/yb_mdn\/wp-content\/uploads\/2018\/07\/TGu5jE3-1-1-230x59.jpg\" alt=\"\" width=\"230\" height=\"59\" \/><\/p>\n<p>Biomedal Life Science<\/p>\n<p>\u5730\u5740: Calle Am\u00e9rico Vespucio, 5, 41092 Seville Parque Cient\u00edfico y Tecnol\u00f3gico Cartuja 93, Spain.<\/p>\n<p>\u7db2\u5740: www.biomedal.com<\/p>\n<p>\u4fe1\u7bb1: info@biomedal.com<\/p>\n<p>\u96fb\u8a71:\u00a0 +34-954-081276<\/p>\n<p><img loading=\"lazy\" decoding=\"async\" class=\"alignnone size-full wp-image-2932\" src=\"http:\/\/si.secda.info\/yb_mdn\/wp-content\/uploads\/2018\/07\/Alcyon-230x87.jpg\" alt=\"\" width=\"230\" height=\"87\" \/><\/p>\n<p>Alcyon Bio S. L.<\/p>\n<p>\u5730\u5740: Manuel Antonio, 11 Bajo &#8211; 36600 Vilagarcia de Arousa, Pontevera, Spain.<\/p>\n<p>\u4fe1\u7bb1:info@gentaur.com<\/p>\n<p>\u96fb\u8a71: +34-60-816-9925<\/p>\n","protected":false},"excerpt":{"rendered":"<p>\u4e9e\u6d32\u5340 [\u65e5\u672c] Nippon Gene Co., Ltd. \u5730\u5740: 1-8-7, Toiya-Machi,  [&hellip;]<\/p>\n","protected":false},"author":20,"featured_media":0,"parent":0,"menu_order":0,"comment_status":"closed","ping_status":"closed","template":"","meta":{"_et_pb_use_builder":"","_et_pb_old_content":"","_et_gb_content_width":"","footnotes":""},"_links":{"self":[{"href":"https:\/\/si.secda.info\/yb_mdn\/index.php?rest_route=\/wp\/v2\/pages\/2929"}],"collection":[{"href":"https:\/\/si.secda.info\/yb_mdn\/index.php?rest_route=\/wp\/v2\/pages"}],"about":[{"href":"https:\/\/si.secda.info\/yb_mdn\/index.php?rest_route=\/wp\/v2\/types\/page"}],"author":[{"embeddable":true,"href":"https:\/\/si.secda.info\/yb_mdn\/index.php?rest_route=\/wp\/v2\/users\/20"}],"replies":[{"embeddable":true,"href":"https:\/\/si.secda.info\/yb_mdn\/index.php?rest_route=%2Fwp%2Fv2%2Fcomments&post=2929"}],"version-history":[{"count":5,"href":"https:\/\/si.secda.info\/yb_mdn\/index.php?rest_route=\/wp\/v2\/pages\/2929\/revisions"}],"predecessor-version":[{"id":3493,"href":"https:\/\/si.secda.info\/yb_mdn\/index.php?rest_route=\/wp\/v2\/pages\/2929\/revisions\/3493"}],"wp:attachment":[{"href":"https:\/\/si.secda.info\/yb_mdn\/index.php?rest_route=%2Fwp%2Fv2%2Fmedia&parent=2929"}],"curies":[{"name":"wp","href":"https:\/\/api.w.org\/{rel}","templated":true}]}}