{"id":1441,"date":"2019-12-26T16:20:39","date_gmt":"2019-12-26T08:20:39","guid":{"rendered":"http:\/\/si.secda.info\/scuib201901\/?page_id=1441"},"modified":"2019-12-27T14:00:53","modified_gmt":"2019-12-27T06:00:53","slug":"%e6%95%b4%e9%ab%94%e5%93%81%e7%89%8c%e7%ad%96%e7%95%a5","status":"publish","type":"page","link":"https:\/\/si.secda.info\/scuib201901\/?page_id=1441","title":{"rendered":"\u6574\u9ad4\u54c1\u724c\u7b56\u7565 (\u674e\u4f73\u6a3a)"},"content":{"rendered":"<p><span style=\"color: #333399;\"><strong><span style=\"font-size: 18pt;\">\u6574\u9ad4\u54c1\u724c\u7b56\u7565<\/span><\/strong><\/span><\/p>\n<p><span style=\"color: #333333; font-size: 18pt;\"><strong>\u884c\u92b7<\/strong><\/span><\/p>\n<p><span style=\"color: #333333;\"><strong><span style=\"font-size: 18pt;\">1.\u5efa\u7acb\u5167\u5bb9\u578b\u7db2\u7ad9&#8211;\u505a\u4e00\u500b\u6700\u61c2\u7f8e\u7684\u6559\u80b2\u8005<\/span><\/strong><\/span><\/p>\n<p>2011\u5e74\uff0cL\u2019Oreal\u63a8\u51fa\u7684\u300cMAKEUP.COM\u300d\uff0c\u582a\u7a31\u5176\u5728\u5167\u5bb9\u578b\u7db2\u7ad9\u7684\u4ee3\u8868\u4f5c\u3002\u5728\u88e1\u982d\u4f60\u770b\u4e0d\u592a\u5230L\u2019Oreal\u7684\u76f4\u63a5\u8eab\u5f71\uff0c\u800c\u662f\u5404\u5f0f\u5404\u6a23\u8207\u5316\u599d\u76f8\u95dc\u7684\u5be6\u7528\u5f71\u97f3\u3001\u7522\u54c1\u8cc7\u8a0a\uff08\u5305\u62ec\u7af6\u54c1\uff09\u3001\u7522\u54c1\u8a55\u6bd4\u8207\u8a66\u7528\u5fc3\u5f97\u8207\u7f8e\u599d\u65b0\u805e\u8207\u8da8\u52e2\u3002\u5c24\u5176\u5728\u5f71\u97f3\u90e8\u5206\uff0c\u300cMAKEUP.COM\u300d\u548cYOUTUBE\u7576\u7d05\u5f71\u97f3\u90e8\u843d\u5ba2 Michelle Phan \u548c Eva Gutowski\u4ea4\u63db\u5408\u4f5c\uff0c\u76f8\u95dc\u5167\u5bb9\u4e5f\u6703\u5230\u653e\u5230\u5979\u5011\u7684\u500b\u4eba\u983b\u9053\u88e1\u3002<\/p>\n<p><img loading=\"lazy\" decoding=\"async\" class=\"\" src=\"https:\/\/i.imgur.com\/y8j7vTi.jpg\" width=\"444\" height=\"290\" \/><\/p>\n<p><span style=\"color: #333333;\"><strong><span style=\"font-size: 18pt;\">2.\u8a2d\u8a08APP&#8211;\u505a\u4e00\u500b\u7121\u6240\u4e0d\u5728\u7684\u7f8e\u599d\u9867\u554f<\/span><\/strong><\/span><\/p>\n<p>\u5b83\u80fd\u6383\u7784\u4f7f\u7528\u8005\u7684\u81c9\u9f90\uff0c\u4e26\u4e14\u53ef\u4ee5\u7dda\u4e0a\u5957\u7528\u5168\u7cfb\u5217\u8d85\u904e300\u7a2e\u7522\u54c1\uff0c\u5982\u679c\u5acc\u4e00\u6a23\u63a5\u4e00\u6a23\u5730\u8a66\u9ebb\u7169\uff0c\u4ea6\u53ef\u9078\u64c7\u4e3b\u984c\uff0c\u770b\u662f\u8981\u4e0d\u6557\u599d\u5bb9\u3001\u7159\u71fb\u599d\uff0c\u6216\u8005\u9078\u64c7\u50cf\u54c1\u724c\u4ee3\u8a00\u4eba\u4e00\u6a23\uff0c\u559c\u6b61\u7684\uff0c\u9084\u80fd\u7dda\u4e0a\u7acb\u99ac\u8a02\u8cfc\u3002<\/p>\n<p><img loading=\"lazy\" decoding=\"async\" class=\"\" src=\"https:\/\/i.imgur.com\/wDwfDik.jpg\" width=\"403\" height=\"341\" \/><\/p>\n<p><span style=\"color: #333333;\"><strong><span style=\"font-size: 18pt;\">3.\u5e73\u9762\u5c0f\u518a&#8211;\u505a\u4e00\u500b\u8b93\u4eba\u9a5a\u559c\u7684\u5a1b\u6a02\u8005<\/span><\/strong><\/span><\/p>\n<p>\u597d\u6bd4\u5411\u4f86\u4f4e\u8abf\u3001\u9760\u53e3\u8033\u76f8\u50b3\u7684Kiehl\u2019s\uff0c\u5728\u53bb\u5e74\u590f\u5929\u8207Marvel Comics\u7684\u5167\u5bb9studio\u5171\u540c\u91cf\u8eab\u6253\u9020\u300c\u7f8e\u570b\u968a\u9577\u300d\u768412\u9801\u54c1\u724c\u5c08\u520a\uff0c\u5728\u6545\u4e8b\u60c5\u7bc0\u7576\u4e2d\uff0c\u7f8e\u570b\u968a\u9577\u8981\u4fdd\u8b77Kiehl\u2019s\u5728\u7d10\u7d04\u7b2c\u4e09\u5927\u9053\u5e97\u9762\u5730\u4e0b\u5ba4\u7684\u7a00\u6709\u690d\u7269\u3002<\/p>\n<p>\u540c\u6a23\u5730\uff0c\u5728\u9019\u672c\u300c\u7f8e\u570b\u968a\u9577\u300d\u7684\u54c1\u724c\u5c08\u520a\u5167\u5bb9\u88e1\u4ecd\u820a\u4e0d\u898b\u4efb\u4f55\u7522\u54c1\uff0c\u4f46\u88dd\u8a02\u5728Kiehl\u2019s\u7684\u7537\u6027\u7528\u54c1\u5ee3\u544a\u55ae\u88e1\uff0c\u4e00\u4f75\u5bc4\u9001\u7d66\u4f4f\u5728\u7d10\u7d04\u3001\u820a\u91d1\u5c71\u548c\u6d1b\u6749\u78ef\u7684\u83ef\u723e\u8857\u65e5\u5831\u7537\u6027\u8a02\u6236\uff0c\u4e5f\u5728\u5e97\u982d\u6d88\u8cbb\u6642\u8d08\u9001\u3002Kiehl\u2019s\u7e3d\u88c1Chris Salgardo\u8a8d\u70ba\u9019\u662f\u4e00\u7a2e\u300c\u901a\u8def\u5a1b\u6a02\u300d(retailtainment)\uff0c\u5728\u4e0d\u80cc\u99b3\u54c1\u724c\u539f\u6709\u7cbe\u795e\u4e0b\uff0c\u53c8\u80fd\u5fae\u5fae\u904b\u7528\u5a1b\u6a02\u7684\u5143\u7d20\uff0c\u5728\u901a\u8def\u7aef\u9ede\u52a0\u4e9b\u6a02\u8da3\uff0c\u8b93\u6f5b\u5728\u6d88\u8cbb\u8005\u7559\u4e0b\u5370\u8c61\u3002<\/p>\n<p><img decoding=\"async\" src=\"https:\/\/i.imgur.com\/gYeHpPT.jpg\" \/><\/p>\n<p><strong><span style=\"font-size: 18pt;\">4.\u660e\u661f\u5546\u54c1<\/span><\/strong><\/p>\n<p>\u6bcf\u500b\u54c1\u724c\u6bcf\u5e74\u7684\u91cd\u9ede\u660e\u661f\u5546\u54c1\u4e0a\u9650\u70ba6\u500b\uff0c80%\u7684\u884c\u92b7\u8cc7\u6e90\u6703\u653e\u5728\u660e\u661f\u7522\u54c1\uff0c\u4e00\u65e6\u9396\u5b9a\u660e\u661f\u7522\u54c1,\u5404\u7a2e\u884c\u92b7\u624b\u6cd5,\u5305\u62ec\u92b7\u552e\u9673\u5217.\u516c\u95dc.\u7db2\u7ad9.\u5a92\u9ad4\u6295\u8cc7.\u8a66\u7528\u54c1\u7b49,\u90fd\u8981\u4ee5\u55ae\u4e00\u660e\u661f\u7522\u54c1\u70ba\u6838\u5fc3\u8a34\u6c42,\u4ee5\u671f\u5168\u9762\u5305\u570d\u6d88\u8cbb\u8005,\u9020\u6210\u98a8\u6f6e\u3002<\/p>\n<p>\u840a\u96c5\u8a8d\u70ba&lt;\u660e\u661f\u5546\u54c1&gt;\u662f\u884c\u92b7\u6e9d\u901a\u7684\u57fa\u790e,\u56e0\u70ba\u773e\u591a\u7af6\u722d\u54c1\u724c\u7684\u74b0\u5883\u4e2d,\u660e\u661f\u5546\u54c1\u70ba\u54c1\u724c\u63d0\u4f9b\u7126\u9ede\u548c\u80fd\u898b\u5ea6,\u8b93\u6d88\u8cbb\u8005\u6709\u6a5f\u52d5\u66f4\u89aa\u8fd1\u54c1\u724c\u3002<\/p>\n<p><span style=\"font-size: 18pt;\"><strong><span style=\"color: #333333;\">\u901a\u8def<\/span><\/strong><\/span><\/p>\n<p><span style=\"color: #333399;\"><strong><span style=\"font-size: 14pt;\">1.\u767e\u8ca8\u516c\u53f8\u5c08\u6ac3 : \u900f\u904e\u5468\u5e74\u6176\u6d3b\u52d5\uff0c\u62c9\u4f4e\u6d88\u8cbb\u8005\u7684\u9032\u5165\u9580\u6abb<\/span><\/strong><\/span><\/p>\n<p><span style=\"font-size: 14pt;\">Lanc\u00f4me\uff0cBiotherm\uff0cKiehl\u2019s\uff0cShu Uemura\uff0cGiorgio Armani Cosmetics\uff0cYSL Beaut\u00e8\uff0cClarisonic<\/span><\/p>\n<p><strong><span style=\"font-size: 14pt; color: #333399;\">2.\u958b\u67b6\u5e02\u5834 :\u4f8b\u5982\uff0c\u5c48\u81e3\u6c0f\/\u5eb7\u662f\u7f8e\/\u5bf6\u96c5\/\u7f8e\u83ef\u6cf0\uff0c\u4e0d\u65b7\u63a8\u51fa\u65b0\u54c1\u5438\u5f15\u6d88\u8cbb\u8005\u6ce8\u610f<\/span><\/strong><\/p>\n<p><span style=\"font-size: 14pt;\">L\u2019OR\u00c9AL Paris, Garnier, Maybelline<\/span><\/p>\n<p><span style=\"color: #333399;\"><strong><span style=\"font-size: 14pt;\">3.\u6c99\u9f8d\u7f8e\u9aee\u901a\u8def :\u840a\u96c5\u9577\u671f\u548c\u9aee\u5eca\u5408\u4f5c\uff0c\u900f\u904e\u8a2d\u8a08\u5e2b\u63a8\u85a6\u7522\u54c1\u7d66\u7d42\u7aef\u6d88\u8cbb\u8005<\/span><\/strong><\/span><\/p>\n<p><span style=\"font-size: 14pt;\">L\u2019OR\u00c9AL Professionnel, K\u00e9rastase, Matrix, Decl\u00e9or<\/span><\/p>\n<p><strong><span style=\"font-size: 14pt; color: #333399;\">4.\u85e5\u5c40\u548c\u76ae\u819a\u79d1 :\u5f9e\u5c08\u5bb6\u7684\u89d2\u5ea6\u5207\u5165\uff0c\u63d0\u5347\u6d88\u8cbb\u8005\u7684\u4fe1\u4efb\u5ea6<\/span><\/strong><\/p>\n<p><span style=\"font-size: 14pt;\">Vichy, La Roche-Posay<\/span><\/p>\n<p><strong><span style=\"font-size: 18pt;\">\u4f75\u8cfc<\/span><\/strong><\/p>\n<p>\u840a\u96c5\u96c6\u5718\u7684\u570b\u969b\u5316\uff0c\u662f\u900f\u904e\u4f75\u8cfc\u4e0d\u540c\u6587\u5316\u7684\u54c1\u724c\uff0c\u9032\u5165\u4e26\u7406\u89e3\u4e0d\u540c\u6587\u5316\u7684\u5e02\u5834\u3002\u7ffb\u958b\u840a\u96c5\u96c6\u5718\u7684\u6b77\u53f2\uff0c\u6703\u767c\u73fe\u5979\u5011\u64c5\u9577\u900f\u904e\u4f75\u8cfc\u9032\u5165\u65b0\u5e02\u5834\u30021964\u5e74\u4f75\u8cfc\u862d\u853b\uff0c \u8b93\u840a\u96c5\u5f97\u4ee5\u6d89\u5165\u5c08\u6ac3\u5316\u599d\u54c1\u7684\u9818\u57df\uff1b1989\u5e74\u8cb7\u4e0b\u7406\u819a\u5bf6\u6c34\uff0c\u4f7f\u5f97\u5979\u5011\u64c1\u6709\u5c08\u696d\u91ab\u5b78\u7f8e\u5bb9\u7684\u5f62\u8c61\uff1b1996\u5e74\u4f75\u8cfc\u5a9a\u6bd4\u7433\uff0c\u7d66\u4e86\u5979\u5011\u6253\u958b\u7f8e\u570b\u5e02\u5834\u7684\u91d1\u9470\u5319\u3002<\/p>\n<p>\u4f75\u8cfc\u54c1\u724c\u7684\u7279\u8cea :<\/p>\n<p><span style=\"color: #333399;\"><strong><span style=\"font-size: 14pt;\">1.\u627e\u5728\u6bcd\u570b\u5e02\u5834\u5f88\u5f37\u7684\u54c1\u724c\uff0c\u4f46\u662f\u7d93\u71df\u8005\u6c92\u6709\u8db3\u5920\u7684\u8ca1\u52d9\u8cc7\u6e90\u570b\u969b\u5316\uff0c\u840a\u96c5\u56e0\u800c\u53ef\u4ee5\u5728\u570b\u969b\u5316\u4e0a\u63d0\u4f9b\u9644\u52a0\u50f9\u503c\u3002<\/span><\/strong><\/span><\/p>\n<p>Kiehl&#8217;s\u548c\u690d\u6751\u79c0\u90fd\u662f\u5178\u578b\u7684\u4f8b\u5b50\u3002\u840a\u96c5\u4e0d\u6703\u628a\u6240\u6709\u8cb7\u4e0b\u7684\u54c1\u724c\u90fd\u5feb\u901f\u300e\u840a\u96c5\u5316\u300f\uff0c\u76f8\u5c0d\u5730\uff0c\u5979\u5011\u9858\u610f\u5c0a\u91cd\u54c1\u724c\u539f\u6709\u7684\u50f9\u503c\u548c\u7279\u8272\uff0c\u6975\u529b\u7dad\u8b77\u54c1\u724c\u7684\u7368\u7279\u611f\uff0c\u56e0\u70ba\u500b\u6027\u662f\u54c1\u724c\u6700\u91cd\u8981\u7684\u8cc7\u7522\u3002<\/p>\n<p><strong><span style=\"font-size: 14pt; color: #333399;\">2.\u6709\u570b\u969b\u5316\u6f5b\u529b\u7684\u54c1\u724c\uff0c\u5fc5\u9808\u5148\u5728\u6bcd\u570b\u5e02\u5834\u975e\u5e38\u6210\u529f\uff0c\u800c\u4e14\u5e02\u4f54\u7387\u6301\u7e8c\u5411\u4e0a\u3002<\/span><\/strong><\/p>\n<p><span style=\"color: #333399;\"><strong><span style=\"font-size: 14pt;\">3.\u54c1\u724c\u5fc5\u9808\u6709\u6e05\u695a\u7684\u908a\u754c\uff0c\u4e0d\u662f\u8a34\u6c42\u6240\u6709\u4eba\u548c\u6240\u6709\u50f9\u503c\u7684\u300e\u5927\u5b97\u5546\u54c1\u5f0f\u300f\u7684\u54c1\u724c\u3002<\/span><\/strong><\/span><\/p>\n<p>\u9019\u610f\u5473\u8457\uff0c\u54c1\u724c\u5fc5\u9808\u50b3\u905e\u7368\u7279\u7684\u5c6c\u6027\u3001\u5229\u76ca\u3001\u50f9\u503c\u548c\u500b\u6027\uff0c\u53cd\u61c9\u7279\u5b9a\u6d88\u8cbb\u8005\u7684\u9700\u8981\u3002<\/p>\n<p><span style=\"color: #333399;\"><strong><span style=\"font-size: 14pt;\">4.\u54c1\u724c\u5fc5\u9808\u548c\u73fe\u6709\u96c6\u5718\u54c1\u724c\u7d44\u5408\u6709\u5f37\u70c8\u7684\u4e92\u88dc\u6027\uff0c\u56e0\u800c\u53ef\u4ee5\u56e0\u61c9\u4e0d\u540c\u50f9\u683c\u5e36\u548c\u6587\u5316\u7684\u9700\u8981\u3002<\/span><\/strong><\/span><\/p>\n<p>\u96c6\u5718\u9818\u5c0e\u4eba\u6b50\u6587\u74ca\u65af\u4e0d\u53ea\u4e00\u6b21\u5f37\u8abf\uff0c\u840a\u96c5\u9700\u8981\u66f4\u591a\u4e9e\u6d32\u54c1\u724c\uff0c\u4ee5\u7b26\u5408\u4e9e\u6d32\u5e02\u5834\u7684\u9700\u8981\u30022004\u5e74\uff0c\u840a\u96c5\u8cb7\u4e0b\u4e2d\u570b\u7684\u5c0f\u8b77\u58eb\u548c\u7fbd\u897f\uff0c\u5c55\u73fe\u5c0d\u4e2d\u570b\u5e02\u5834\u7684\u91ce\u5fc3\u3002<\/p>\n<p><span style=\"font-size: 18pt;\"><strong>\u4eba\u624d\u904b\u7528<\/strong><\/span><\/p>\n<p>\u81ea1990\u5e74\u4ee3\u672b\u4ee5\u4f86\uff0c\u840a\u96c5\u958b\u59cb\u5411\u570b\u969b\u5fb5\u624d\uff0c\u4f86\u64d4\u4efb\u5404\u7e3d\u90e8\u7684\u8077\u4f4d\u3002<\/p>\n<p>\u5df4\u9ece\u840a\u96c5\u901a\u5e38\u6709\u5927\u7d04\u56db\u5341\u500b\u7522\u54c1\u958b\u767c\u5718\u968a\uff0c\u6bcf\u4e00\u500b\u5718\u968a\u8ca0\u8cac\u4e0d\u540c\u7684\u6982\u5ff5\uff0c\u5e73\u5747\u5305\u542b\u4e09\u3001\u56db\u4f4d\u6210\u54e1\uff0c\u5176\u4e2d\u5169\u4f4d\u53ef\u80fd\u6709\u591a\u5143\u6587\u5316\u80cc\u666f\u3002<\/p>\n<p>\u840a\u96c5\u5efa\u7acb\u4e86\u591a\u5143\u6587\u5316\u7d93\u7406\u4eba\u624d\u5eab\uff0c\u8b93\u4ed6\u5011\u8655\u5728\u5404\u7a2e\u4e92\u52d5\u7684\u4e2d\u5fc3\uff0c\u9019\u4e9b\u662f\u54c1\u724c\u3001\u5730\u5340\u548c\u529f\u80fd\u90e8\u9580\u4ee5\u77e5\u8b58\u70ba\u57fa\u790e\u7684\u4e92\u52d5\u3002<\/p>\n<p><strong><span style=\"font-size: 14pt; color: #333399;\">\u591a\u5143\u6587\u5316\u4eba\u624d\u7684\u512a\u9ede :<\/span><\/strong><\/p>\n<p><span style=\"font-size: 14pt;\">1.\u770b\u51fa\u65b0\u7522\u54c1\u7684\u6a5f\u6703<\/span><\/p>\n<p><span style=\"font-size: 14pt;\">2.\u907f\u514d\u7ffb\u8b6f\u6f0f\u5931<\/span><\/p>\n<p><span style=\"font-size: 14pt;\">3.\u6574\u5408\u5916\u4f86\u8005<\/span><\/p>\n<p><span style=\"font-size: 14pt;\">4.\u8abf\u505c\u89e3\u6c7a\u8207\u4e0a\u53f8\u7684\u885d\u7a81<\/span><\/p>\n<p><span style=\"font-size: 14pt;\">5.\u6d88\u5f2d\u5b50\u516c\u53f8\u8207\u7e3d\u90e8\u7684\u5206\u6b67<\/span><\/p>\n<p>&nbsp;<\/p>\n<p>\u53c3\u8003\u8cc7\u6599:<\/p>\n<p>https:\/\/www.hbrtaiwan.com\/article_content_AR0002355.html<\/p>\n<p>https:\/\/blog.xuite.net\/chulin3584331025\/twblog1\/137645568-%E8%90%8A%E9%9B%85%E9%9B%86%E5%9C%98%E5%A6%82%E4%BD%95%E6%89%93%E9%80%A0%E5%9C%8B%E9%9A%9B%E5%93%81%E7%89%8C<\/p>\n","protected":false},"excerpt":{"rendered":"<p>\u6574\u9ad4\u54c1\u724c\u7b56\u7565 \u884c\u92b7 1.\u5efa\u7acb\u5167\u5bb9\u578b\u7db2\u7ad9&#8211;\u505a\u4e00\u500b\u6700\u61c2\u7f8e\u7684\u6559\u80b2\u8005 201<\/p>\n","protected":false},"author":12,"featured_media":0,"parent":1385,"menu_order":0,"comment_status":"closed","ping_status":"closed","template":"","meta":{"_bbp_topic_count":0,"_bbp_reply_count":0,"_bbp_total_topic_count":0,"_bbp_total_reply_count":0,"_bbp_voice_count":0,"_bbp_anonymous_reply_count":0,"_bbp_topic_count_hidden":0,"_bbp_reply_count_hidden":0,"_bbp_forum_subforum_count":0,"footnotes":""},"tags":[],"class_list":["post-1441","page","type-page","status-publish","hentry"],"_links":{"self":[{"href":"https:\/\/si.secda.info\/scuib201901\/index.php?rest_route=\/wp\/v2\/pages\/1441","targetHints":{"allow":["GET"]}}],"collection":[{"href":"https:\/\/si.secda.info\/scuib201901\/index.php?rest_route=\/wp\/v2\/pages"}],"about":[{"href":"https:\/\/si.secda.info\/scuib201901\/index.php?rest_route=\/wp\/v2\/types\/page"}],"author":[{"embeddable":true,"href":"https:\/\/si.secda.info\/scuib201901\/index.php?rest_route=\/wp\/v2\/users\/12"}],"replies":[{"embeddable":true,"href":"https:\/\/si.secda.info\/scuib201901\/index.php?rest_route=%2Fwp%2Fv2%2Fcomments&post=1441"}],"version-history":[{"count":3,"href":"https:\/\/si.secda.info\/scuib201901\/index.php?rest_route=\/wp\/v2\/pages\/1441\/revisions"}],"predecessor-version":[{"id":1482,"href":"https:\/\/si.secda.info\/scuib201901\/index.php?rest_route=\/wp\/v2\/pages\/1441\/revisions\/1482"}],"up":[{"embeddable":true,"href":"https:\/\/si.secda.info\/scuib201901\/index.php?rest_route=\/wp\/v2\/pages\/1385"}],"wp:attachment":[{"href":"https:\/\/si.secda.info\/scuib201901\/index.php?rest_route=%2Fwp%2Fv2%2Fmedia&parent=1441"}],"wp:term":[{"taxonomy":"post_tag","embeddable":true,"href":"https:\/\/si.secda.info\/scuib201901\/index.php?rest_route=%2Fwp%2Fv2%2Ftags&post=1441"}],"curies":[{"name":"wp","href":"https:\/\/api.w.org\/{rel}","templated":true}]}}