{"id":2825,"date":"2021-11-26T11:23:47","date_gmt":"2021-11-26T03:23:47","guid":{"rendered":"https:\/\/si.secda.info\/nkingway\/?page_id=2825"},"modified":"2021-12-01T11:29:19","modified_gmt":"2021-12-01T03:29:19","slug":"%e7%91%9e%e5%a3%ab%e6%ad%90%e6%b4%b2%e5%a4%a7%e5%ad%b8%e7%b0%a1%e4%bb%8b","status":"publish","type":"page","link":"https:\/\/si.secda.info\/nkingway\/?page_id=2825","title":{"rendered":"\u745e\u58eb\u6b50\u6d32\u5927\u5b78\u7c21\u4ecb"},"content":{"rendered":"<p>[et_pb_section fb_built=&#8221;1&#8243; _builder_version=&#8221;4.0.6&#8243;][et_pb_row column_structure=&#8221;2_5,3_5&#8243; _builder_version=&#8221;4.0.6&#8243;][et_pb_column type=&#8221;2_5&#8243; _builder_version=&#8221;4.0.6&#8243;][et_pb_image src=&#8221;https:\/\/si.secda.info\/nkingway\/wp-content\/uploads\/2021\/11\/EDIFICIO.jpg&#8221; _builder_version=&#8221;4.0.6&#8243;][\/et_pb_image][\/et_pb_column][et_pb_column type=&#8221;3_5&#8243; _builder_version=&#8221;4.0.6&#8243;][et_pb_text _builder_version=&#8221;4.0.6&#8243; hover_enabled=&#8221;0&#8243;]<\/p>\n<div class=\"sqs-block html-block sqs-block-html\" data-block-type=\"2\" id=\"block-a0c1fcc077c0d018fa82\">\n<div class=\"sqs-block-content\">\n<h2 style=\"text-align: left;\">\u00a0 \u00a0 \u00a0\u745e\u58eb\u6b50\u6d32\u5927\u5b78<\/h2>\n<h4 style=\"text-align: left; padding-left: 30px;\"><code>\u00a0   \u745e\u58eb\u6b50\u6d32\u5927\u5b78\uff08European University\uff09\u5275\u7acb\u65bc1973\u5e74\u745e\u58eb\u65e5\u5167\u74e6\uff0c\u662f\u6b50\u6d32\u5730\u5340\u9802\u7d1a\u77e5\u540d\u7684\u5546\u696d\u5927\u5b78\u4e4b\u4e00\uff0c<\/p>\n<p>\u6821\u5712\u4f4d\u65bc\u65e5\u5167\u74e6\u3001\u897f\u73ed\u7259\u5df4\u585e\u9686\u7d0d\u3001\u5fb7\u570b\u6155\u5c3c\u9ed1\u3001\u65b0\u52a0\u5761\uff0c\u6821\u5340\u5247\u5305\u62ec\uff1a\u82f1\u570b\u502b\u6566\u3001\u66fc\u5716\u3001\u8461\u8404\u7259\u91cc\u65af\u672c\u3001\u99ac\u723e\u4ed6\u3001\u5e0c\u81d8\u96c5\u5178\u3001<\/p>\n<p>\u611b\u6c99\u5c3c\u4e9e\u5854\u6797\u3001\u4fc4\u7f85\u65af\u3001\u54c8\u85a9\u514b\u3001\u6558\u5229\u4e9e\u3001\u99ac\u4f86\u897f\u4e9e\u3001\u53f0\u7063\u3001\u4e2d\u570b\u7b49\u6b50\u4e9e\u5341\u5e7e\u570b\u3002\u4f86\u81ea\u5168\u740321\u570b\u4e4b\u9802\u5c16\u5e2b\u8cc7\u300180\u591a\u570b\u5b78\u751f\uff0c<\/p>\n<p>\u9020\u5c31\u4e86\u8de8\u8a9e\u8a00\u3001\u8de8\u6587\u5316\u3001\u8de8\u6821\u5712\u3001\u5be6\u9ad4\u8207\u7db2\u8def\u6559\u5b78\u4e26\u91cd\u4e4b\u5b78\u7fd2\u74b0\u5883\u3002<\/code><\/h4>\n<h4 style=\"text-align: left; padding-left: 30px;\">\u00a0 \u300c\u6b50\u6d32\u5927\u5b78\u300d\u4ee5\u7ba1\u7406\u5c08\u696d\u898b\u9577\uff0c\u8de8\u8d8a\u4e4b\u9818\u57df\u751a\u70ba\u5bec\u5ee3\uff0c\u9664\u50b3\u7d71\u00a0 \u00a0 \u7684\u5de5\u5546\u7ba1\u7406\u5b78\u78a9\u58eb\u548c\u535a\u58eb\u8ab2\u7a0b\u5916\uff0c\u9084\u63d0\u4f9b\u7269\u6d41\u7ba1\u7406\u3001\u901a\u8a0a\u8207\u516c\u00a0 \u00a0 \u5171\u95dc\u4fc2\u7ba1\u7406\u3001\u79d1\u6280\u7ba1\u7406\u3001\u8cc7\u8a0a\u7ba1\u7406\u3001\u591a\u5a92\u9ad4\u7ba1\u7406\u3001\u8ca1\u5bcc\u7ba1\u7406\u3001\u00a0 \u00a0 \u91d1\u878d\u7ba1\u7406\u3001\u85dd\u8853\u7ba1\u7406\u3001\u8ced\u5834\u7ba1\u7406\u3001\u65c5\u904a\u7ba1\u7406\u3001\u6d77\u904b\u7ba1\u7406\u3001\u9ad4\u80b2\u00a0 \u00a0 \u7ba1\u7406\u3001\u9910\u98f2\u7ba1\u7406\u3001\u5168\u7403\u751f\u6d3b\u6642\u5c1a\u7ba1\u7406\u7b49\u5c08\u696d\u8ab2\u7a0b\u3002<\/h4>\n<h4 style=\"text-align: left; padding-left: 30px;\">\u00a0 \u00a0 \u5979\u662f\u6700\u65e9\u5c07\u7f8e\u570b\u300c\u5be6\u7528\u4e3b\u7fa9\u6559\u5b78\u6cd5\u300d\u8207\u6b50\u6d32\u300c\u7406\u8ad6\u57fa\u790e\u300d\u76f8\u00a0 \u00a0 \u00a0 \u00a0\u7d50\u5408\u4e4b\u570b\u969b\u5546\u5b78\u9662\uff0c\u6ce8\u91cd\u52d5\u614b\u5be6\u7528\u500b\u6848\u7814\u8a0e\uff0c\u8207\u73fe\u5be6\u5546\u696d\u74b0\u5883\u904b\u4f5c\u8ab2\u984c\uff0c\u4e0d\u65b7\u5275\u65b0\u8ab2\u7a0b\u4ee5\u56e0\u61c9\u5e02\u5834\u9700\u6c42\uff0c\u7dad\u6301\u9ad8\u54c1\u8cea\u6559\u5b78\u6c34\u6e96\uff0c\u5c24\u5f37\u8abf\u6e9d\u901a\u8868\u9054\u80fd\u529b\u8207\u9818\u5c0e\u80fd\u529b\uff0c\u671f\u57f9\u990a\u5b78\u751f\u4e4b\u570b\u969b\u89c0\uff0c\u6210\u70ba\u5404\u884c\u5404\u696d\u9818\u8896\u4eba\u624d\u3002<\/h4>\n<h4 style=\"text-align: left; padding-left: 30px;\">\u00a0 \u00a0 \u6b50\u6d32\u5927\u5b78\u7684\u8ab2\u7a0b\u54c1\u8cea\u53d7\u5230ACBSP\uff08\u5546\u5b78\u9662\u53ca\u5546\u696d\u8a08\u756b\u8a55\u5be9\u59d4\u54e1\u6703\uff09\u53caCHEA(\u9ad8\u7b49\u6559\u80b2\u8a55\u5be9\u5c40)\u8a8d\u53ef\u8a8d\u8b49\u6a5f\u69cb\u80af\u5b9a\u3002\u65e5\u5167\u74e6\u548c\u8499\u7279\u52d2\u7684\u5927\u5b78\u4e5f\u53d7\u5230IACBE\uff08\u570b\u969b\u5927\u5b78\u5546\u696d\u6559\u80b2\u5927\u6703\uff09\u7684\u8a8d\u53ef\u3002<\/h4>\n<h4 style=\"text-align: left; padding-left: 30px;\">\u00a0 \u00a0 ACBSP\u548cIACBE\u662f\u7f8e\u570b\u7684\u5c08\u6848\u7ba1\u7406\u7684\u8a8d\u8b49\u5354\u6703\u3002\u4ed6\u5011\u7684\u4efb\u52d9\u662f\u958b\u767c\u3001\u63a8\u5ee3\u548c\u8b58\u5225\u6700\u597d\u7684\u6559\u80b2\u5f62\u5f0f,\u6709\u52a9\u65bc\u6301\u7e8c\u6539\u9032\u5546\u696d\u6559\u80b2\u3002\u4ed6\u5011\u662f\u4ee5\u63d0\u9ad8\u5546\u696d\u5b78\u6821\u548c\u8ab2\u7a0b\u6559\u5b78\u54c1\u8cea\u70ba\u91cd\u9ede\u7684\u5168\u7403\u5353\u8d8a\u9818\u982d\u4eba\u3002<\/h4>\n<\/div>\n<\/div>\n<div class=\"sqs-block video-block sqs-block-video\" data-block-json=\"{&quot;blockAnimation&quot;:&quot;none&quot;,&quot;layout&quot;:&quot;caption-hidden&quot;,&quot;overlay&quot;:false,&quot;description&quot;:{&quot;html&quot;:{&quot;html&quot;:{&quot;html&quot;:&quot;&quot;,&quot;source&quot;:&quot;&quot;}}},&quot;hSize&quot;:null,&quot;floatDir&quot;:null,&quot;html&quot;:&quot;&lt;iframe src=\\&quot;\/\/www.youtube.com\/embed\/MFw_2lLk63o?wmode=opaque&amp;amp;enablejsapi=1\\&quot; height=\\&quot;480\\&quot; width=\\&quot;854\\&quot; scrolling=\\&quot;no\\&quot; frameborder=\\&quot;0\\&quot; allowfullscreen=\\&quot;\\&quot;&gt;\\n&lt;\/iframe&gt;&quot;,&quot;url&quot;:&quot;https:\/\/www.youtube.com\/watch?v=MFw_2lLk63o&quot;,&quot;width&quot;:854,&quot;height&quot;:480,&quot;providerName&quot;:&quot;YouTube&quot;,&quot;thumbnailUrl&quot;:&quot;http:\/\/i1.ytimg.com\/vi\/MFw_2lLk63o\/hqdefault.jpg&quot;,&quot;resolvedBy&quot;:&quot;youtube&quot;}\" data-block-type=\"32\" id=\"block-yui_3_10_1_1_1400122476377_32405\" style=\"position: relative; height: auto; padding: 12px 17px; clear: both; color: #777777; font-family: 'Helvetica Neue', Arial, sans-serif; font-size: 12px; font-style: normal; font-variant-ligatures: normal; font-variant-caps: normal; font-weight: 400; letter-spacing: 2px; orphans: 2; text-align: start; text-indent: 0px; text-transform: none; white-space: normal; widows: 2; word-spacing: 0px; -webkit-text-stroke-width: 0px; background-color: #ffffff; text-decoration-thickness: initial; text-decoration-style: initial; text-decoration-color: initial;\">\n<div class=\"sqs-block-content\" id=\"yui_3_17_2_1_1637913400192_67\">\n<div class=\"intrinsic\">\n<div class=\"embed-block-wrapper\">\n<div class=\"sqs-video-wrapper video-none\" data-html=\"&lt;iframe src=&quot;\/\/www.youtube.com\/embed\/MFw_2lLk63o?wmode=opaque&amp;enablejsapi=1&quot; height=&quot;480&quot; width=&quot;854&quot; scrolling=&quot;no&quot; frameborder=&quot;0&quot; allowfullscreen=&quot;&quot;&gt;&lt;br\/&gt;&lt;\/iframe&gt;\" data-provider-name=\"YouTube\" id=\"yui_3_17_2_1_1637913400192_74\" style=\"position: absolute; top: 0px; left: 0px; width: 528px; height: 296.766px;\">\n<div class=\"intrinsic\"><\/div>\n<\/div>\n<\/div>\n<\/div>\n<\/div>\n<\/div>\n<p>[\/et_pb_text][\/et_pb_column][\/et_pb_row][et_pb_row column_structure=&#8221;3_5,2_5&#8243; _builder_version=&#8221;4.0.6&#8243;][et_pb_column type=&#8221;3_5&#8243; _builder_version=&#8221;4.0.6&#8243;][et_pb_text _builder_version=&#8221;4.0.6&#8243; hover_enabled=&#8221;0&#8243;]<\/p>\n<h4><strong>\u300c\u6b50\u6d32\u5927\u5b78\u300d\u662f\u4e0b\u5217\u7d44\u7e54\u6210\u54e1\u4e4b\u4e00\uff1a<\/strong><\/h4>\n<h4>\u570b\u969b\u83c1\u82f1\u5546\u5b78\u9662\u5354\u6703\uff08AACSB\uff09<br \/> \u6b50\u6d32\u7ba1\u7406\u958b\u767c\u57fa\u91d1\u6703\uff08EFMD\uff09<br \/> \u4e2d\u6771\u6b50\u7ba1\u7406\u767c\u5c55\u5354\u6703\uff08CEEMAN\uff09<br \/> \u7ba1\u7406\u4fc3\u9032\u5354\u6703\uff08SAM\uff09<br \/> \u6b50\u6d32\u5546\u696d\u6559\u80b2\u59d4\u54e1\u6703\uff08ECBE\uff09<br \/> \u6b50\u6d32\u570b\u969b\u5b78\u9662\u59d4\u54e1\u6703\uff08ECIS\uff09<br \/> \u897f\u73ed\u7259\u9ad8\u7b49\u6559\u80b2\u5354\u6703\uff08HACU\uff09<br \/> \u5730\u4e2d\u6d77\u570b\u969b\u5b78\u9662\u5354\u6703\uff08MAIS\uff09<br \/> \u745e\u58eb\u79c1\u7acb\u5b78\u6821\u806f\u76df\uff08FSEP\uff09<br \/> \u745e\u58eb\u670d\u52d9\u5b78\u6821\uff08SSS\uff09\u00a0<br \/> \u6c83\u6d32\u79c1\u7acb\u5b78\u6821\u806f\u76df\uff08AVDEP\uff09<br \/> \u65e5\u5167\u74e6\u79c1\u7acb\u5b78\u6821\u806f\u76df\uff08AGEP\uff09<br \/> \u745e\u58eb\u5168\u7403\u6559\u80b2\u5354\u6703\uff08GES\uff09<\/h4>\n<p>[\/et_pb_text][\/et_pb_column][et_pb_column type=&#8221;2_5&#8243; _builder_version=&#8221;4.0.6&#8243;][et_pb_video src=&#8221;https:\/\/youtu.be\/MFw_2lLk63o&#8221; _builder_version=&#8221;4.0.6&#8243; hover_enabled=&#8221;0&#8243;][\/et_pb_video][\/et_pb_column][\/et_pb_row][et_pb_row _builder_version=&#8221;4.0.6&#8243; column_structure=&#8221;1_2,1_2&#8243;][et_pb_column _builder_version=&#8221;4.0.6&#8243; type=&#8221;1_2&#8243;][et_pb_text _builder_version=&#8221;4.0.6&#8243; hover_enabled=&#8221;0&#8243;]<\/p>\n<div class=\"col sqs-col-6 span-6\" id=\"yui_3_17_2_1_1638326503597_114\">\n<div class=\"sqs-block html-block sqs-block-html\" data-block-type=\"2\" id=\"block-1de38394ef69fa787238\">\n<div class=\"sqs-block-content\">\n<h5><strong>European University is a member of the following organizations:<\/strong><\/h5>\n<h5>\u25cfEuropean Foundation for Management (EFMD)<br \/> \u25cfCentral and East European Management \u25cfDevelopment Association (CEEMAN)<br \/> \u25cfConsejo Latinoamericano de Escuelas de \u25cfAdministraci\u00f3n (CLADEA)<br \/> \u25cfSociety for Advancement of Management (SAM)<br \/> \u25cfEuropean Council of International Schools (ECIS)<br \/> \u25cfHispanic Association of Colleges &amp; Universities (HACU)<br \/> \u25cfThe Association to Advance Collegiate Schools of Business (AACSB)<br \/> \u25cfMediterranean Association of International Schools (MAIS)<\/h5>\n<\/div>\n<\/div>\n<\/div>\n<div class=\"col sqs-col-6 span-6\">\n<div class=\"sqs-block html-block sqs-block-html\" data-block-type=\"2\" id=\"block-a0c1fcc077c0d018fa82\">\n<div class=\"sqs-block-content\"><\/div>\n<\/div>\n<div class=\"sqs-block html-block sqs-block-html\" data-block-type=\"2\" id=\"block-16879f4bd264753e0a67\">\n<div class=\"sqs-block-content\">\n<p class=\"\">\n<\/div>\n<\/div>\n<\/div>\n<p>[\/et_pb_text][\/et_pb_column][et_pb_column _builder_version=&#8221;4.0.6&#8243; type=&#8221;1_2&#8243;][et_pb_text _builder_version=&#8221;4.0.6&#8243; hover_enabled=&#8221;0&#8243;]<\/p>\n<h5><span>\u25cfF\u00e9d\u00e9ration Suisse des Ecoles Priv\u00e9es (FSEP)<\/span><br \/> <span>\u25cfThe Swiss Private School Register<\/span><br \/> <span>\u25cfAssociation Vaudoise des Ecoles Priv\u00e9es (AVDEP)<\/span><br \/> <span>\u25cfAssociation Genevoise des Ecoles Priv\u00e9es (AGEP)<\/span><br \/> <span>\u25cfGlobal Education in Switzerland (GES)<\/span><br \/> <span>\u25cfThe Academy of Business in Society (ABIS)<\/span><br \/> <span>\u25cfPeter Drucker Society Europe (druckersociety)<\/span><br \/> <span>\u25cfRussian Association of Business Education (RABE)<\/span><br \/> <span>\u25cfInternational Association of University Presidents (IAUP)<\/span><br \/> <span>\u25cfService Scolaire Suisse (SSS)<\/span><br \/> <span>\u25cfPrinciples for Responsible Management Education (PRME)<\/span><br \/> <span>\u25cfEuropean Council for Business Education (ECBE)<\/span><\/h5>\n<p>[\/et_pb_text][\/et_pb_column][\/et_pb_row][et_pb_row _builder_version=&#8221;4.0.6&#8243; column_structure=&#8221;2_5,3_5&#8243;][et_pb_column _builder_version=&#8221;4.0.6&#8243; type=&#8221;2_5&#8243;][et_pb_image src=&#8221;https:\/\/si.secda.info\/nkingway\/wp-content\/uploads\/2021\/12\/DSCI4950.jpg&#8221; _builder_version=&#8221;4.0.6&#8243; hover_enabled=&#8221;0&#8243;][\/et_pb_image][\/et_pb_column][et_pb_column _builder_version=&#8221;4.0.6&#8243; type=&#8221;3_5&#8243;][et_pb_text _builder_version=&#8221;4.0.6&#8243; hover_enabled=&#8221;0&#8243;]<\/p>\n<h2 style=\"padding-left: 30px;\"><strong>\u53f0\u5317\u6821\u5340<\/strong><\/h2>\n<h3 style=\"padding-left: 30px;\">1.\u514d\u8cbb\u53c3\u52a0\u516c\u958b\u5ef6\u4f38\u5546\u52d9\u8b1b\u5ea7<br \/>2.\u5927\u4eba\u7269EMBA\u6578\u4f4d\u5b78\u9662\u7dda\u4e0a\u8ab2\u7a0b7000\u9ede\u514d\u8cbb\u4f7f\u7528\u6b0a<br \/>3.\u7372\u5f97\u8ad6\u6587\u7cbe\u9078\u96c6\u4e00\u595710\u672c<br \/>4.\u6559\u6388\u9867\u554f\u7fa4\u5c08\u696d\u8aee\u8a62\u8f14\u5c0e<br \/>5.\u7570\u696d\u4ea4\u6d41\u3001\u5de5\u5546\u5ee3\u544a\u3001\u5546\u6a5f\u4ecb\u7d39<br \/>6.\u9810\u7d04\u89c0\u770b\u6b50\u6d32\u5546\u5b78\u9662VCD\u8996\u807d\u8ab2\u7a0b<br \/>7.\u8001\u5e2b\u3001\u6821\u53cb\u3001\u7814\u7a76\u751f\u5b9a\u671f\u806f\u8abc\u9910\u6703<br \/>8.\u6821\u53cb\u56de\u6d41\u53c3\u8207\u7814\u8a0e\u6703\u8ab2\u7a0b\u4eab\u6709\u512a\u60e0\u50f9<br \/>9.DBA\u5165\u5b78\u7533\u8acb\u901a\u904e\uff0c\u8d08\u9001EU-DBA\u66f8\u7c4d\u6559\u6750<br \/>10.\u6bcf\u5e74\u4e00\u6b21\u5169\u5cb8\u56db\u6821\u79fb\u5730\u5b78\u7fd2<\/h3>\n<p>[\/et_pb_text][\/et_pb_column][\/et_pb_row][\/et_pb_section]<\/p>\n","protected":false},"excerpt":{"rendered":"<p>[et_pb_section fb_built=&#8221;1&#8243; _builder_versio [&hellip;]<\/p>\n","protected":false},"author":10,"featured_media":0,"parent":2790,"menu_order":1,"comment_status":"closed","ping_status":"closed","template":"","meta":{"_bbp_topic_count":0,"_bbp_reply_count":0,"_bbp_total_topic_count":0,"_bbp_total_reply_count":0,"_bbp_voice_count":0,"_bbp_anonymous_reply_count":0,"_bbp_topic_count_hidden":0,"_bbp_reply_count_hidden":0,"_bbp_forum_subforum_count":0,"_et_pb_use_builder":"on","_et_pb_old_content":"","footnotes":""},"tags":[],"_links":{"self":[{"href":"https:\/\/si.secda.info\/nkingway\/index.php?rest_route=\/wp\/v2\/pages\/2825"}],"collection":[{"href":"https:\/\/si.secda.info\/nkingway\/index.php?rest_route=\/wp\/v2\/pages"}],"about":[{"href":"https:\/\/si.secda.info\/nkingway\/index.php?rest_route=\/wp\/v2\/types\/page"}],"author":[{"embeddable":true,"href":"https:\/\/si.secda.info\/nkingway\/index.php?rest_route=\/wp\/v2\/users\/10"}],"replies":[{"embeddable":true,"href":"https:\/\/si.secda.info\/nkingway\/index.php?rest_route=%2Fwp%2Fv2%2Fcomments&post=2825"}],"version-history":[{"count":5,"href":"https:\/\/si.secda.info\/nkingway\/index.php?rest_route=\/wp\/v2\/pages\/2825\/revisions"}],"predecessor-version":[{"id":2869,"href":"https:\/\/si.secda.info\/nkingway\/index.php?rest_route=\/wp\/v2\/pages\/2825\/revisions\/2869"}],"up":[{"embeddable":true,"href":"https:\/\/si.secda.info\/nkingway\/index.php?rest_route=\/wp\/v2\/pages\/2790"}],"wp:attachment":[{"href":"https:\/\/si.secda.info\/nkingway\/index.php?rest_route=%2Fwp%2Fv2%2Fmedia&parent=2825"}],"wp:term":[{"taxonomy":"post_tag","embeddable":true,"href":"https:\/\/si.secda.info\/nkingway\/index.php?rest_route=%2Fwp%2Fv2%2Ftags&post=2825"}],"curies":[{"name":"wp","href":"https:\/\/api.w.org\/{rel}","templated":true}]}}